{"id":294,"date":"2015-01-06T14:03:27","date_gmt":"2015-01-06T14:03:27","guid":{"rendered":"http:\/\/neu.cwz.ch\/?page_id=294"},"modified":"2021-04-16T13:02:07","modified_gmt":"2021-04-16T13:02:07","slug":"verkehrswege-strassenbau","status":"publish","type":"page","link":"https:\/\/cwz.ch\/?page_id=294","title":{"rendered":"VERKEHRSWEGE INFRASTRUKTUR"},"content":{"rendered":"\t\t<div data-elementor-type=\"wp-page\" data-elementor-id=\"294\" class=\"elementor elementor-294\">\n\t\t\t\t\t\t<section class=\"elementor-section elementor-top-section elementor-element elementor-element-06f5eea elementor-section-boxed elementor-section-height-default elementor-section-height-default\" data-id=\"06f5eea\" data-element_type=\"section\">\n\t\t\t\t\t\t<div class=\"elementor-container elementor-column-gap-default\">\n\t\t\t\t\t<div class=\"elementor-column elementor-col-100 elementor-top-column elementor-element elementor-element-5c556af\" data-id=\"5c556af\" data-element_type=\"column\">\n\t\t\t<div class=\"elementor-widget-wrap elementor-element-populated\">\n\t\t\t\t\t\t<div class=\"elementor-element elementor-element-6136107 elementor-widget elementor-widget-text-editor\" data-id=\"6136107\" data-element_type=\"widget\" data-widget_type=\"text-editor.default\">\n\t\t\t\t<div class=\"elementor-widget-container\">\n\t\t\t\t\t\t\t<p>Der Bau von Verkehrswegen und deren Unterhalt sowie Instandsetzung pr\u00e4gen unser Landschaftsbild massgeblich. Der Entwurf, die Planung und die Ausf\u00fchrung solch komplexer Anlagen im Spannungsfeld von Gesellschaft und Umwelt stellen f\u00fcr uns eine ausgesprochene Herausforderung dar. Der Einsatz moderner Technologien und die tiefgr\u00fcndige Erfahrung im Verkehrswegebau sowie im Bau von Kunstbauten erm\u00f6glichen es uns, situationsgerechte L\u00f6sungen unter Einbezug s\u00e4mtlicher Rahmenbedingungen auszuarbeiten.<\/p>\t\t\t\t\t\t<\/div>\n\t\t\t\t<\/div>\n\t\t\t\t<section class=\"elementor-section elementor-inner-section elementor-element elementor-element-2c0a8a2 elementor-section-boxed elementor-section-height-default elementor-section-height-default\" data-id=\"2c0a8a2\" data-element_type=\"section\">\n\t\t\t\t\t\t<div class=\"elementor-container elementor-column-gap-default\">\n\t\t\t\t\t<div class=\"elementor-column elementor-col-50 elementor-inner-column elementor-element elementor-element-2fc98ac\" data-id=\"2fc98ac\" data-element_type=\"column\">\n\t\t\t<div class=\"elementor-widget-wrap elementor-element-populated\">\n\t\t\t\t\t\t<div class=\"elementor-element elementor-element-85816b0 elementor-widget elementor-widget-text-editor\" data-id=\"85816b0\" data-element_type=\"widget\" data-widget_type=\"text-editor.default\">\n\t\t\t\t<div class=\"elementor-widget-container\">\n\t\t\t\t\t\t\t<ul>\n<li class=\"bodytext\">Verkehrsplanung<\/li>\n<li class=\"bodytext\">Strassenbau<\/li>\n<li class=\"bodytext\">Projektmanagement<\/li>\n<li class=\"bodytext\">Gesamtprojektleitungen<\/li>\n<li class=\"bodytext\">Allgemeiner Tiefbau<\/li>\n<li class=\"bodytext\">Siedlungsentw\u00e4sserung<\/li>\n<li class=\"bodytext\">Ingenieurvermessung<\/li>\n<\/ul>\t\t\t\t\t\t<\/div>\n\t\t\t\t<\/div>\n\t\t\t\t\t<\/div>\n\t\t<\/div>\n\t\t\t\t<div class=\"elementor-column elementor-col-50 elementor-inner-column elementor-element elementor-element-f479f6b\" data-id=\"f479f6b\" data-element_type=\"column\">\n\t\t\t<div class=\"elementor-widget-wrap elementor-element-populated\">\n\t\t\t\t\t\t<div class=\"elementor-element elementor-element-af45afb elementor-widget elementor-widget-image\" data-id=\"af45afb\" data-element_type=\"widget\" data-widget_type=\"image.default\">\n\t\t\t\t<div class=\"elementor-widget-container\">\n\t\t\t\t\t\t\t\t\t\t\t\t\t<img decoding=\"async\" src=\"https:\/\/cwz.ch\/wp-content\/uploads\/2015\/01\/Chur-S\u00fcd-Nacht.jpg\" title=\"Chur S\u00fcd Nacht\" alt=\"Chur S\u00fcd Nacht\" loading=\"lazy\" \/>\t\t\t\t\t\t\t\t\t\t\t\t\t<\/div>\n\t\t\t\t<\/div>\n\t\t\t\t\t<\/div>\n\t\t<\/div>\n\t\t\t\t\t<\/div>\n\t\t<\/section>\n\t\t\t\t<div class=\"elementor-element elementor-element-3a9564c elementor-widget elementor-widget-spacer\" data-id=\"3a9564c\" data-element_type=\"widget\" data-widget_type=\"spacer.default\">\n\t\t\t\t<div class=\"elementor-widget-container\">\n\t\t\t\t\t<div class=\"elementor-spacer\">\n\t\t\t<div class=\"elementor-spacer-inner\"><\/div>\n\t\t<\/div>\n\t\t\t\t<\/div>\n\t\t\t\t<\/div>\n\t\t\t\t<div class=\"elementor-element elementor-element-518fd18 elementor-widget elementor-widget-text-editor\" data-id=\"518fd18\" data-element_type=\"widget\" data-widget_type=\"text-editor.default\">\n\t\t\t\t<div class=\"elementor-widget-container\">\n\t\t\t\t\t\t\t<p><strong><span style=\"font-variant-numeric: normal; font-variant-east-asian: normal;\">F\u00fcr weitere Infos stehen Ihnen Martin Zwicky oder Silvan Mathis gerne zur Verf\u00fcgung.<\/span><\/strong><br style=\"font-variant-numeric: normal; font-variant-east-asian: normal;\" \/><strong><span style=\"font-variant-numeric: normal; font-variant-east-asian: normal;\">Sie erreichen uns unter 081 287 10 50 oder per Mail auf info@cwz.ch<\/span><\/strong><\/p>\t\t\t\t\t\t<\/div>\n\t\t\t\t<\/div>\n\t\t\t\t\t<\/div>\n\t\t<\/div>\n\t\t\t\t\t<\/div>\n\t\t<\/section>\n\t\t\t\t<\/div>\n\t\t","protected":false},"excerpt":{"rendered":"<p>Der Bau von Verkehrswegen und deren Unterhalt sowie Instandsetzung pr\u00e4gen unser Landschaftsbild massgeblich. Der Entwurf, die Planung und die Ausf\u00fchrung [&hellip;]<\/p>\n","protected":false},"author":1,"featured_media":0,"parent":7,"menu_order":2,"comment_status":"closed","ping_status":"closed","template":"","meta":{"_themeisle_gutenberg_block_has_review":false,"_ti_tpc_template_sync":false,"_ti_tpc_template_id":"","footnotes":""},"class_list":["post-294","page","type-page","status-publish","hentry"],"yoast_head":"<!-- This site is optimized with the Yoast SEO plugin v23.3 - https:\/\/yoast.com\/wordpress\/plugins\/seo\/ -->\n<title>VERKEHRSWEGE INFRASTRUKTUR - Casutt Wyrsch Zwicky AG<\/title>\n<meta name=\"robots\" content=\"index, follow, max-snippet:-1, max-image-preview:large, max-video-preview:-1\" \/>\n<link rel=\"canonical\" href=\"https:\/\/cwz.ch\/?page_id=294\" \/>\n<meta property=\"og:locale\" content=\"de_DE\" \/>\n<meta property=\"og:type\" content=\"article\" \/>\n<meta property=\"og:title\" content=\"VERKEHRSWEGE INFRASTRUKTUR - Casutt Wyrsch Zwicky AG\" \/>\n<meta property=\"og:description\" content=\"Der Bau von Verkehrswegen und deren Unterhalt sowie Instandsetzung pr\u00e4gen unser Landschaftsbild massgeblich. Der Entwurf, die Planung und die Ausf\u00fchrung [&hellip;]\" \/>\n<meta property=\"og:url\" content=\"https:\/\/cwz.ch\/?page_id=294\" \/>\n<meta property=\"og:site_name\" content=\"Casutt Wyrsch Zwicky AG\" \/>\n<meta property=\"article:publisher\" content=\"https:\/\/www.facebook.com\/cwzag\/\" \/>\n<meta property=\"article:modified_time\" content=\"2021-04-16T13:02:07+00:00\" \/>\n<meta name=\"twitter:card\" content=\"summary_large_image\" \/>\n<meta name=\"twitter:label1\" content=\"Gesch\u00e4tzte Lesezeit\" \/>\n\t<meta name=\"twitter:data1\" content=\"1 Minute\" \/>\n<script type=\"application\/ld+json\" class=\"yoast-schema-graph\">{\"@context\":\"https:\/\/schema.org\",\"@graph\":[{\"@type\":\"WebPage\",\"@id\":\"https:\/\/cwz.ch\/?page_id=294\",\"url\":\"https:\/\/cwz.ch\/?page_id=294\",\"name\":\"VERKEHRSWEGE INFRASTRUKTUR - Casutt Wyrsch Zwicky AG\",\"isPartOf\":{\"@id\":\"https:\/\/cwz.ch\/#website\"},\"datePublished\":\"2015-01-06T14:03:27+00:00\",\"dateModified\":\"2021-04-16T13:02:07+00:00\",\"breadcrumb\":{\"@id\":\"https:\/\/cwz.ch\/?page_id=294#breadcrumb\"},\"inLanguage\":\"de\",\"potentialAction\":[{\"@type\":\"ReadAction\",\"target\":[\"https:\/\/cwz.ch\/?page_id=294\"]}]},{\"@type\":\"BreadcrumbList\",\"@id\":\"https:\/\/cwz.ch\/?page_id=294#breadcrumb\",\"itemListElement\":[{\"@type\":\"ListItem\",\"position\":1,\"name\":\"Startseite\",\"item\":\"https:\/\/cwz.ch\/\"},{\"@type\":\"ListItem\",\"position\":2,\"name\":\"DIENSTLEISTUNGEN\",\"item\":\"https:\/\/cwz.ch\/?page_id=7\"},{\"@type\":\"ListItem\",\"position\":3,\"name\":\"VERKEHRSWEGE INFRASTRUKTUR\"}]},{\"@type\":\"WebSite\",\"@id\":\"https:\/\/cwz.ch\/#website\",\"url\":\"https:\/\/cwz.ch\/\",\"name\":\"Casutt Wyrsch Zwicky AG\",\"description\":\"Dipl. Bauingenieure und Planer\",\"publisher\":{\"@id\":\"https:\/\/cwz.ch\/#organization\"},\"potentialAction\":[{\"@type\":\"SearchAction\",\"target\":{\"@type\":\"EntryPoint\",\"urlTemplate\":\"https:\/\/cwz.ch\/?s={search_term_string}\"},\"query-input\":\"required name=search_term_string\"}],\"inLanguage\":\"de\"},{\"@type\":\"Organization\",\"@id\":\"https:\/\/cwz.ch\/#organization\",\"name\":\"Casutt Wyrsch Zwicky AG\",\"url\":\"https:\/\/cwz.ch\/\",\"logo\":{\"@type\":\"ImageObject\",\"inLanguage\":\"de\",\"@id\":\"https:\/\/cwz.ch\/#\/schema\/logo\/image\/\",\"url\":\"http:\/\/cwz.ch\/wp-content\/uploads\/2021\/01\/ghjrghjgrhjgjghj-Copy.png\",\"contentUrl\":\"http:\/\/cwz.ch\/wp-content\/uploads\/2021\/01\/ghjrghjgrhjgjghj-Copy.png\",\"width\":480,\"height\":88,\"caption\":\"Casutt Wyrsch Zwicky AG\"},\"image\":{\"@id\":\"https:\/\/cwz.ch\/#\/schema\/logo\/image\/\"},\"sameAs\":[\"https:\/\/www.facebook.com\/cwzag\/\"]}]}<\/script>\n<!-- \/ Yoast SEO plugin. -->","yoast_head_json":{"title":"VERKEHRSWEGE INFRASTRUKTUR - Casutt Wyrsch Zwicky AG","robots":{"index":"index","follow":"follow","max-snippet":"max-snippet:-1","max-image-preview":"max-image-preview:large","max-video-preview":"max-video-preview:-1"},"canonical":"https:\/\/cwz.ch\/?page_id=294","og_locale":"de_DE","og_type":"article","og_title":"VERKEHRSWEGE INFRASTRUKTUR - Casutt Wyrsch Zwicky AG","og_description":"Der Bau von Verkehrswegen und deren Unterhalt sowie Instandsetzung pr\u00e4gen unser Landschaftsbild massgeblich. Der Entwurf, die Planung und die Ausf\u00fchrung [&hellip;]","og_url":"https:\/\/cwz.ch\/?page_id=294","og_site_name":"Casutt Wyrsch Zwicky AG","article_publisher":"https:\/\/www.facebook.com\/cwzag\/","article_modified_time":"2021-04-16T13:02:07+00:00","twitter_card":"summary_large_image","twitter_misc":{"Gesch\u00e4tzte Lesezeit":"1 Minute"},"schema":{"@context":"https:\/\/schema.org","@graph":[{"@type":"WebPage","@id":"https:\/\/cwz.ch\/?page_id=294","url":"https:\/\/cwz.ch\/?page_id=294","name":"VERKEHRSWEGE INFRASTRUKTUR - Casutt Wyrsch Zwicky AG","isPartOf":{"@id":"https:\/\/cwz.ch\/#website"},"datePublished":"2015-01-06T14:03:27+00:00","dateModified":"2021-04-16T13:02:07+00:00","breadcrumb":{"@id":"https:\/\/cwz.ch\/?page_id=294#breadcrumb"},"inLanguage":"de","potentialAction":[{"@type":"ReadAction","target":["https:\/\/cwz.ch\/?page_id=294"]}]},{"@type":"BreadcrumbList","@id":"https:\/\/cwz.ch\/?page_id=294#breadcrumb","itemListElement":[{"@type":"ListItem","position":1,"name":"Startseite","item":"https:\/\/cwz.ch\/"},{"@type":"ListItem","position":2,"name":"DIENSTLEISTUNGEN","item":"https:\/\/cwz.ch\/?page_id=7"},{"@type":"ListItem","position":3,"name":"VERKEHRSWEGE INFRASTRUKTUR"}]},{"@type":"WebSite","@id":"https:\/\/cwz.ch\/#website","url":"https:\/\/cwz.ch\/","name":"Casutt Wyrsch Zwicky AG","description":"Dipl. Bauingenieure und Planer","publisher":{"@id":"https:\/\/cwz.ch\/#organization"},"potentialAction":[{"@type":"SearchAction","target":{"@type":"EntryPoint","urlTemplate":"https:\/\/cwz.ch\/?s={search_term_string}"},"query-input":"required name=search_term_string"}],"inLanguage":"de"},{"@type":"Organization","@id":"https:\/\/cwz.ch\/#organization","name":"Casutt Wyrsch Zwicky AG","url":"https:\/\/cwz.ch\/","logo":{"@type":"ImageObject","inLanguage":"de","@id":"https:\/\/cwz.ch\/#\/schema\/logo\/image\/","url":"http:\/\/cwz.ch\/wp-content\/uploads\/2021\/01\/ghjrghjgrhjgjghj-Copy.png","contentUrl":"http:\/\/cwz.ch\/wp-content\/uploads\/2021\/01\/ghjrghjgrhjgjghj-Copy.png","width":480,"height":88,"caption":"Casutt Wyrsch Zwicky AG"},"image":{"@id":"https:\/\/cwz.ch\/#\/schema\/logo\/image\/"},"sameAs":["https:\/\/www.facebook.com\/cwzag\/"]}]}},"_links":{"self":[{"href":"https:\/\/cwz.ch\/index.php?rest_route=\/wp\/v2\/pages\/294","targetHints":{"allow":["GET"]}}],"collection":[{"href":"https:\/\/cwz.ch\/index.php?rest_route=\/wp\/v2\/pages"}],"about":[{"href":"https:\/\/cwz.ch\/index.php?rest_route=\/wp\/v2\/types\/page"}],"author":[{"embeddable":true,"href":"https:\/\/cwz.ch\/index.php?rest_route=\/wp\/v2\/users\/1"}],"replies":[{"embeddable":true,"href":"https:\/\/cwz.ch\/index.php?rest_route=%2Fwp%2Fv2%2Fcomments&post=294"}],"version-history":[{"count":50,"href":"https:\/\/cwz.ch\/index.php?rest_route=\/wp\/v2\/pages\/294\/revisions"}],"predecessor-version":[{"id":6139,"href":"https:\/\/cwz.ch\/index.php?rest_route=\/wp\/v2\/pages\/294\/revisions\/6139"}],"up":[{"embeddable":true,"href":"https:\/\/cwz.ch\/index.php?rest_route=\/wp\/v2\/pages\/7"}],"wp:attachment":[{"href":"https:\/\/cwz.ch\/index.php?rest_route=%2Fwp%2Fv2%2Fmedia&parent=294"}],"curies":[{"name":"wp","href":"https:\/\/api.w.org\/{rel}","templated":true}]}}